{"id":38,"date":"2018-07-16T15:12:39","date_gmt":"2018-07-16T15:12:39","guid":{"rendered":"http:\/\/przedszkole99.waw.pl\/?page_id=38"},"modified":"2025-11-17T16:46:33","modified_gmt":"2025-11-17T16:46:33","slug":"nasza-kadra","status":"publish","type":"page","link":"https:\/\/przedszkole99.waw.pl\/?page_id=38","title":{"rendered":"NASZA KADRA, LOGOPEDA,PSYCHOLOG"},"content":{"rendered":"<h2><span style=\"color: #3366ff;\"><strong>DYREKTOR<\/strong><\/span><\/h2>\n<h2>p. Ewa Jakowlew<\/h2>\n<h2><span style=\"color: #3366ff;\"><strong>KIEROWNIK GOSPODARCZY<\/strong><\/span><\/h2>\n<h2>p. El\u017cbieta Buch<\/h2>\n<h2><span style=\"color: #3366ff;\"><strong>SEKRETARKA<\/strong><\/span><\/h2>\n<h2>p. Barbara N.<\/h2>\n<h2><span style=\"color: #3366ff;\"><strong>NAUCZYCIELE W GRUPIE <span style=\"color: #ff0000;\">CZERWONE MISIE<\/span><\/strong><\/span><\/h2>\n<h2><span style=\"color: #000000;\">p. Anna H<\/span><\/h2>\n<h2>p. Maria M.<\/h2>\n<h2><span style=\"color: #3366ff;\"><strong>NAUCZYCIELE W GRUPIE <span style=\"color: #ffff00;\">\u017b\u00d3\u0141TE MISIE<\/span><\/strong><\/span><\/h2>\n<h2>p. Ma\u0142gorzata Sz.<\/h2>\n<h2>p. Agnieszka \u015a.<\/h2>\n<h2><span style=\"color: #3366ff;\"><strong>NAUCZYCIELE W GRUPIE <span style=\"color: #99cc00;\">ZIELONE MISIE<\/span><\/strong><\/span><\/h2>\n<h2>p.\u00a0 Dorota T.<\/h2>\n<h2>p. Marzena W.<\/h2>\n<h2><span style=\"color: #3366ff;\"><strong>NAUCZYCIELE W GRUPIE <span style=\"color: #99ccff;\">NIEBIESKIE MISIE<\/span><\/strong><\/span><\/h2>\n<h2>p.\u00a0 Danuta G.<\/h2>\n<h2>p. Danuta M.<\/h2>\n<h2 style=\"text-align: left;\"><span style=\"color: #3366ff;\"><strong>LOGOPEDA<\/strong><\/span><\/h2>\n<h2>p. Ewelina Ch.<\/h2>\n<ul>\n<li>\u015broda 8:00 &#8211; 15:30<\/li>\n<li>pi\u0105tek 8:00 &#8211; 15:30<\/li>\n<\/ul>\n<p>Kontakt z p. Ewelin\u0105 r\u00f3wnie\u017c\u00a0 telefoniczny (22 822 23 32) lub mailowy <a href=\"https:\/\/poczta.wp.pl\/k\/#\">ewelina12319@gmail.com<\/a><\/p>\n<h2 style=\"text-align: left;\"><span style=\"color: #3366ff;\"><strong>PEDAGOG SPECJALNY<\/strong><\/span><\/h2>\n<h2>p. Aleksandra O.<\/h2>\n<ul>\n<li>\u015broda 8:00 &#8211; 15:30<\/li>\n<\/ul>\n<h2 style=\"text-align: left;\"><span style=\"color: #3366ff;\"><strong>PSYCHOLOG PRZEDSZKOLNY<\/strong><\/span><\/h2>\n<h2>p. Anna K.<\/h2>\n<ul>\n<li>wtorek 8:00 &#8211; 12:00<\/li>\n<li>\u015broda 8:00 &#8211; 12.30<\/li>\n<\/ul>\n<h2 style=\"text-align: left;\"><strong><span style=\"color: #3366ff;\">PSYCHOLOG Z PORADNI<\/span><\/strong><\/h2>\n<h2>p. Miros\u0142awa Skowro\u0144ska<\/h2>\n<h4>Z Przedszkolem wsp\u00f3\u0142pracuje pani psycholog\u00a0 Miros\u0142awa Skowro\u0144ska z Poradni Psychologiczno-Pedagogicznej Nr 9, przy ul. Radomskiej 13\/21. Zapraszam rodzic\u00f3w na spotkania, konsultacje, porady\u00a0 w godzinach dy\u017cur\u00f3w do Przedszkola oraz do Poradni. Wizyty nie wymagaj\u0105 skierowa\u0144, s\u0105 bezp\u0142atne. W celu um\u00f3wienia spotkania prosz\u0119 dzwoni\u0107 do Poradni .<\/h4>\n<p style=\"text-align: center;\"><strong>Telefon do sekretariatu Poradni 22\u00a0822 28 87<\/strong><\/p>\n<h2 style=\"text-align: left;\"><span style=\"color: #3366ff;\"><strong>TERAPEUTA SI<\/strong><\/span><\/h2>\n<h2>p. Kalina G.<\/h2>\n<ul>\n<li>wtorek<\/li>\n<\/ul>\n<h2 style=\"text-align: left;\"><span style=\"color: #3366ff;\"><strong>J\u0118ZYK ANGIELSKI\u00a0<\/strong><\/span><\/h2>\n<h2>p. Alicja K.<\/h2>\n<ul>\n<li>pi\u0105tek<\/li>\n<\/ul>\n<h2 style=\"text-align: left;\"><span style=\"color: #3366ff;\"><strong>TA\u0143CE<\/strong><\/span><\/h2>\n<h2>p. Kalina G.<\/h2>\n<ul>\n<li>wtorek<\/li>\n<\/ul>\n<h2 style=\"text-align: left;\"><span style=\"color: #3366ff;\"><strong>RYTMIKA<\/strong><\/span><\/h2>\n<h2>p. Ma\u0142gorzata M.<\/h2>\n<ul>\n<li>\u015broda<\/li>\n<\/ul>\n<h3><\/h3>\n","protected":false},"excerpt":{"rendered":"<p>DYREKTOR p. Ewa Jakowlew KIEROWNIK GOSPODARCZY p. El\u017cbieta Buch SEKRETARKA p. Barbara N. NAUCZYCIELE W GRUPIE CZERWONE MISIE p. Anna H p. Maria M. NAUCZYCIELE W GRUPIE \u017b\u00d3\u0141TE MISIE p. Ma\u0142gorzata Sz. p. Agnieszka \u015a. NAUCZYCIELE W GRUPIE ZIELONE MISIE p.\u00a0 Dorota T. p. Marzena W. NAUCZYCIELE W GRUPIE NIEBIESKIE MISIE p.\u00a0 Danuta G. p. Danuta M. LOGOPEDA p. Ewelina<\/p>\n<p><a class=\"more-link\" href=\"https:\/\/przedszkole99.waw.pl\/?page_id=38\">Read More<\/a><\/p>\n","protected":false},"author":1,"featured_media":0,"parent":0,"menu_order":0,"comment_status":"closed","ping_status":"closed","template":"","meta":{"footnotes":""},"class_list":["post-38","page","type-page","status-publish","hentry"],"_links":{"self":[{"href":"https:\/\/przedszkole99.waw.pl\/index.php?rest_route=\/wp\/v2\/pages\/38"}],"collection":[{"href":"https:\/\/przedszkole99.waw.pl\/index.php?rest_route=\/wp\/v2\/pages"}],"about":[{"href":"https:\/\/przedszkole99.waw.pl\/index.php?rest_route=\/wp\/v2\/types\/page"}],"author":[{"embeddable":true,"href":"https:\/\/przedszkole99.waw.pl\/index.php?rest_route=\/wp\/v2\/users\/1"}],"replies":[{"embeddable":true,"href":"https:\/\/przedszkole99.waw.pl\/index.php?rest_route=%2Fwp%2Fv2%2Fcomments&post=38"}],"version-history":[{"count":49,"href":"https:\/\/przedszkole99.waw.pl\/index.php?rest_route=\/wp\/v2\/pages\/38\/revisions"}],"predecessor-version":[{"id":6549,"href":"https:\/\/przedszkole99.waw.pl\/index.php?rest_route=\/wp\/v2\/pages\/38\/revisions\/6549"}],"wp:attachment":[{"href":"https:\/\/przedszkole99.waw.pl\/index.php?rest_route=%2Fwp%2Fv2%2Fmedia&parent=38"}],"curies":[{"name":"wp","href":"https:\/\/api.w.org\/{rel}","templated":true}]}}