{"id":35,"date":"2018-07-16T15:12:38","date_gmt":"2018-07-16T15:12:38","guid":{"rendered":"http:\/\/przedszkole99.waw.pl\/?page_id=35"},"modified":"2025-02-18T15:11:18","modified_gmt":"2025-02-18T15:11:18","slug":"co-zapewniamy","status":"publish","type":"page","link":"https:\/\/przedszkole99.waw.pl\/?page_id=35","title":{"rendered":"REKRUTACJA DO PRZEDSZKOLA NA ROK SZKOLNY 2025\/2026"},"content":{"rendered":"<h1>Szanowni Rodzice<\/h1>\n<div class=\"asset-content mb-3\">\n<div class=\"journal-content-article \" data-analytics-asset-id=\"95997018\" data-analytics-asset-title=\"Rekrutacja do przedszkoli, oddzia\u0142\u00f3w przedszkolnych i klas pierwszych w szko\u0142ach podstawowych na rok szkolny 2024\/2025\" data-analytics-asset-type=\"web-content\">\n<article>\n<div class=\"article-description\">\n<h2>Rekrutacja do przedszkoli, oddzia\u0142\u00f3w przedszkolnych i klas pierwszych w szko\u0142ach podstawowych rozpocznie si\u0119<strong> 4 marca<\/strong> br. i b\u0119dzie prowadzona z wykorzystaniem elektronicznego systemu rekrutacji.<\/h2>\n<\/div>\n<\/article>\n<\/div>\n<\/div>\n<div class=\"asset-content mb-3\"><a href=\"https:\/\/przedszkole99.waw.pl\/wp-content\/uploads\/2025\/02\/Kryteria-rekrutacji-do-przedszkoli.pdf\">Kryteria rekrutacji do przedszkoli<\/a><\/div>\n<div><\/div>\n<div class=\"asset-content mb-3\"><a href=\"https:\/\/przedszkole99.waw.pl\/wp-content\/uploads\/2025\/02\/Harmonogram.pdf\">Harmonogram<\/a><\/div>\n<div><\/div>\n<div class=\"asset-content mb-3\">\n<p><a href=\"https:\/\/edukacja.um.warszawa.pl\/kontakt1\">https:\/\/edukacja.um.warszawa.pl\/kontakt1<\/a><\/p>\n<h2>Informacje dotycz\u0105ce rekrutacji dost\u0119pne s\u0105 r\u00f3wnie\u017c na stronie<\/h2>\n<h2>\u00a0<strong><a href=\"https:\/\/edukacja.um.warszawa.pl\/aktualnosci5\">https:\/\/edukacja.um.warszawa.pl\/aktualnosci5<\/a><\/strong><\/h2>\n<\/div>\n<p>&nbsp;<\/p>\n","protected":false},"excerpt":{"rendered":"<p>Szanowni Rodzice Rekrutacja do przedszkoli, oddzia\u0142\u00f3w przedszkolnych i klas pierwszych w szko\u0142ach podstawowych rozpocznie si\u0119 4 marca br. i b\u0119dzie prowadzona z wykorzystaniem elektronicznego systemu rekrutacji. Kryteria rekrutacji do przedszkoli Harmonogram https:\/\/edukacja.um.warszawa.pl\/kontakt1 Informacje dotycz\u0105ce rekrutacji dost\u0119pne s\u0105 r\u00f3wnie\u017c na stronie \u00a0https:\/\/edukacja.um.warszawa.pl\/aktualnosci5 &nbsp;<\/p>\n","protected":false},"author":1,"featured_media":1006,"parent":0,"menu_order":0,"comment_status":"closed","ping_status":"closed","template":"","meta":{"footnotes":""},"class_list":["post-35","page","type-page","status-publish","has-post-thumbnail","hentry"],"_links":{"self":[{"href":"https:\/\/przedszkole99.waw.pl\/index.php?rest_route=\/wp\/v2\/pages\/35"}],"collection":[{"href":"https:\/\/przedszkole99.waw.pl\/index.php?rest_route=\/wp\/v2\/pages"}],"about":[{"href":"https:\/\/przedszkole99.waw.pl\/index.php?rest_route=\/wp\/v2\/types\/page"}],"author":[{"embeddable":true,"href":"https:\/\/przedszkole99.waw.pl\/index.php?rest_route=\/wp\/v2\/users\/1"}],"replies":[{"embeddable":true,"href":"https:\/\/przedszkole99.waw.pl\/index.php?rest_route=%2Fwp%2Fv2%2Fcomments&post=35"}],"version-history":[{"count":26,"href":"https:\/\/przedszkole99.waw.pl\/index.php?rest_route=\/wp\/v2\/pages\/35\/revisions"}],"predecessor-version":[{"id":3327,"href":"https:\/\/przedszkole99.waw.pl\/index.php?rest_route=\/wp\/v2\/pages\/35\/revisions\/3327"}],"wp:featuredmedia":[{"embeddable":true,"href":"https:\/\/przedszkole99.waw.pl\/index.php?rest_route=\/wp\/v2\/media\/1006"}],"wp:attachment":[{"href":"https:\/\/przedszkole99.waw.pl\/index.php?rest_route=%2Fwp%2Fv2%2Fmedia&parent=35"}],"curies":[{"name":"wp","href":"https:\/\/api.w.org\/{rel}","templated":true}]}}