{"id":268,"date":"2018-09-28T13:25:00","date_gmt":"2018-09-28T13:25:00","guid":{"rendered":"https:\/\/przedszkole99.waw.pl\/?page_id=268"},"modified":"2023-08-22T11:51:53","modified_gmt":"2023-08-22T11:51:53","slug":"pliki-do-pobrania","status":"publish","type":"page","link":"https:\/\/przedszkole99.waw.pl\/?page_id=268","title":{"rendered":"Pliki do pobrania"},"content":{"rendered":"<p><a href=\"https:\/\/przedszkole99.waw.pl\/wp-content\/uploads\/2023\/02\/DEKLARACJA-KONTYNUOWANIA-WYCHOWANIA-PRZEDSZKOLNEGO-NA-ROK-SZKOLNY-2023-2024.pdf\">DEKLARACJA KONTYNUOWANIA WYCHOWANIA PRZEDSZKOLNEGO NA ROK SZKOLNY 2023-2024<\/a><\/p>\n<p><strong><a href=\"https:\/\/przedszkole99.waw.pl\/wp-content\/uploads\/2022\/07\/ZWROT-WP\u0141ATY-DLA-RODZICA-DY\u017bUR-WAKACYJNY.pdf\">ZWROT WP\u0141ATY DLA RODZICA &#8211; DY\u017bUR WAKACYJNY<\/a><\/strong><\/p>\n<p><strong><a href=\"https:\/\/przedszkole99.waw.pl\/wp-content\/uploads\/2022\/07\/ZWROT-WP\u0141ATY-DLA-RODZICA.pdf\">ZWROT WP\u0141ATY DLA RO<\/a>DZICA\u00a0ABSOLWENT<\/strong><\/p>\n<p><a href=\"https:\/\/przedszkole99.waw.pl\/wp-content\/uploads\/2022\/06\/upowa\u017cnienie-do-odbioru-dziecka-p99.pdf\">upowa\u017cnienie do odbioru dziecka &#8211; p99<\/a><\/p>\n<p><a href=\"https:\/\/przedszkole99.waw.pl\/wp-content\/uploads\/2023\/08\/klauzula-zgody-dla-Rodzic\u00f3w-11.pdf\">klauzula-zgody-dla-Rodzic\u00f3w-1(1)<\/a><\/p>\n<p>&nbsp;<\/p>\n<p>&nbsp;<\/p>\n<p>&nbsp;<\/p>\n<p>&nbsp;<\/p>\n<p>&nbsp;<\/p>\n<p>&nbsp;<\/p>\n<p>&nbsp;<\/p>\n","protected":false},"excerpt":{"rendered":"<p>DEKLARACJA KONTYNUOWANIA WYCHOWANIA PRZEDSZKOLNEGO NA ROK SZKOLNY 2023-2024 ZWROT WP\u0141ATY DLA RODZICA &#8211; DY\u017bUR WAKACYJNY ZWROT WP\u0141ATY DLA RODZICA\u00a0ABSOLWENT upowa\u017cnienie do odbioru dziecka &#8211; p99 klauzula-zgody-dla-Rodzic\u00f3w-1(1) &nbsp; &nbsp; &nbsp; &nbsp; &nbsp; &nbsp; &nbsp;<\/p>\n","protected":false},"author":1,"featured_media":0,"parent":0,"menu_order":0,"comment_status":"closed","ping_status":"closed","template":"","meta":{"footnotes":""},"class_list":["post-268","page","type-page","status-publish","hentry"],"_links":{"self":[{"href":"https:\/\/przedszkole99.waw.pl\/index.php?rest_route=\/wp\/v2\/pages\/268"}],"collection":[{"href":"https:\/\/przedszkole99.waw.pl\/index.php?rest_route=\/wp\/v2\/pages"}],"about":[{"href":"https:\/\/przedszkole99.waw.pl\/index.php?rest_route=\/wp\/v2\/types\/page"}],"author":[{"embeddable":true,"href":"https:\/\/przedszkole99.waw.pl\/index.php?rest_route=\/wp\/v2\/users\/1"}],"replies":[{"embeddable":true,"href":"https:\/\/przedszkole99.waw.pl\/index.php?rest_route=%2Fwp%2Fv2%2Fcomments&post=268"}],"version-history":[{"count":32,"href":"https:\/\/przedszkole99.waw.pl\/index.php?rest_route=\/wp\/v2\/pages\/268\/revisions"}],"predecessor-version":[{"id":5114,"href":"https:\/\/przedszkole99.waw.pl\/index.php?rest_route=\/wp\/v2\/pages\/268\/revisions\/5114"}],"wp:attachment":[{"href":"https:\/\/przedszkole99.waw.pl\/index.php?rest_route=%2Fwp%2Fv2%2Fmedia&parent=268"}],"curies":[{"name":"wp","href":"https:\/\/api.w.org\/{rel}","templated":true}]}}