{"id":225,"date":"2018-07-25T11:54:29","date_gmt":"2018-07-25T11:54:29","guid":{"rendered":"http:\/\/przedszkole99.waw.pl\/?page_id=225"},"modified":"2018-10-18T12:22:34","modified_gmt":"2018-10-18T12:22:34","slug":"rozklad-dnia","status":"publish","type":"page","link":"https:\/\/przedszkole99.waw.pl\/?page_id=225","title":{"rendered":"Rozk\u0142ad dnia"},"content":{"rendered":"<h1><\/h1>\n<h1><strong><img loading=\"lazy\" decoding=\"async\" class=\" wp-image-360 aligncenter\" src=\"https:\/\/przedszkole99.waw.pl\/wp-content\/uploads\/2018\/10\/kadra.jpg\" alt=\"\" width=\"399\" height=\"104\" \/><\/strong><\/h1>\n<h1><strong>RAMOWY ROZK\u0141AD DNIA DLA DZIECI M\u0141ODSZYCH<\/strong><\/h1>\n<p>7.00-8.10 Schodzenie si\u0119 dzieci, zabawy swobodne lub z niewielk\u0105<br \/>\npomoc\u0105 nauczyciela, praca indywidualna lub w ma\u0142ych zespo\u0142ach.<br \/>\nIndywidualne konsultacje z rodzicami.<\/p>\n<p>8.10-8.20 Powitanie, zabawa ruchowa.<\/p>\n<p>8.20-8.30 Przygotowanie do \u015bniadania-kszta\u0142towanie czynno\u015bci<br \/>\nsamoobs\u0142ugowych, nawyk\u00f3w higienicznych i kulturalnych.<\/p>\n<p>8.30-9.00 \u015aniadanie-Zwracanie uwagi na kulturalne spo\u017cywanie<br \/>\nposi\u0142ku, zachowanie porz\u0105dku wok\u00f3\u0142 siebie, zachowanie prawid\u0142owej<br \/>\npostawy.<\/p>\n<p>9.00-9.15 Czynno\u015bci higieniczne, przygotowanie do zaj\u0119\u0107.<\/p>\n<p>9.15-9.30 Zaj\u0119cie edukacyjne realizowane w oparciu o podstaw\u0119 programow\u0105 i wybrany<br \/>\nprogram.<\/p>\n<p>9.30-10.15 Zabawy swobodne podejmowane z inicjatywy dzieci.<\/p>\n<p>10.15-10.30 Picie soku owocowego lub spo\u017cywanie owoc\u00f3w, warzyw-<br \/>\nu\u015bwiadamianie dzieciom warto\u015bci zdrowego od\u017cywiania,<br \/>\nkszta\u0142towanie nawyk\u00f3w higienicznych i kulturalnych.<\/p>\n<p>10.30-11.45 Czynno\u015bci samoobs\u0142ugowe, pobyt w ogrodzie przedszkolnym<br \/>\n\/gry, zabawy, obserwacje przyrodnicze\/spacery, wycieczki\/.<\/p>\n<p>11.45-12.00 Przygotowanie do obiadu-czynno\u015bci samoobs\u0142ugowe, kszta\u0142towanie<br \/>\nnawyk\u00f3w higienicznych i kulturalnych.<\/p>\n<p>12.00-12.30 Obiad- Zwracanie uwagi na kulturalne spo\u017cywanie<br \/>\nposi\u0142ku, przyzwyczajanie do zdrowego \u017cywienia, kszta\u0142towanie<br \/>\nnawyk\u00f3w kulturalnych.<\/p>\n<p>12.30-13.00 Przygotowanie do odpoczynku poobiedniego-kszta\u0142towanie<br \/>\nczynno\u015bci samoobs\u0142ugowych, s\u0142uchanie czytanej dzieciom literatury<br \/>\nw ramach udzia\u0142u przedszkola w kampanii CPCD\/poezja i proza<br \/>\ndzieci\u0119ca\/<\/p>\n<p>13.00-14.10 Odpoczynek poobiedni &#8211; umo\u017cliwienie dzieciom udzia\u0142u w zaj\u0119ciach<br \/>\ndodatkowych zgodnie z zapotrzebowaniem \u015brodowiska lokalnego<br \/>\ni mo\u017cliwo\u015bciami dzieci.<\/p>\n<p>14.10-14.25 Przygotowanie do podwieczorku-czynno\u015bci<br \/>\nsamoobs\u0142ugowe, kszta\u0142towanie nawyk\u00f3w higienicznych<br \/>\ni kulturalnych.<\/p>\n<p>14.25-14.30 Zabawa ruchowa<\/p>\n<p>14.30-15.00 Podwieczorek- zwracanie uwagi na kulturalne spo\u017cywanie<br \/>\nposi\u0142ku, kszta\u0142towanie nawyk\u00f3w higienicznych i kulturalnych.<\/p>\n<p>15.00-17.00 Tworzenie warunk\u00f3w sprzyjaj\u0105cych spontanicznej dzia\u0142alno\u015bci<br \/>\ndzieci oraz kszta\u0142towanie umiej\u0119tno\u015bci spo\u0142ecznych poprzez udzia\u0142<br \/>\ndzieci w r\u00f3\u017cnorodnych zabawach w sali lub na<br \/>\npowietrzu. Indywidualna praca z dzie\u0107mi. Kontakty indywidualne<br \/>\nz rodzicami. Czynno\u015bci porz\u0105dkowe i organizacyjne.<\/p>\n<p>&nbsp;<\/p>\n<h1><strong>RAMOWY ROZK\u0141AD DNIA DLA DZIECI STARSZYCH<\/strong><\/h1>\n<p>7.00-8.10 Schodzenie si\u0119 dzieci, zabawy swobodne lub z niewielk\u0105<br \/>\npomoc\u0105 nauczyciela, praca indywidualna lub w ma\u0142ych zespo\u0142ach.<br \/>\nIndywidualne konsultacje z rodzicami.<\/p>\n<p>8.10-8.20 Powitanie, \u0107wiczenia poranne, zabawy ruchowe.<\/p>\n<p>8.20-8.30 Przygotowanie do \u015bniadania-kszta\u0142towanie czynno\u015bci<br \/>\nsamoobs\u0142ugowych, nawyk\u00f3w higienicznych i kulturalnych.<\/p>\n<p>8.30-9.00 \u015aniadanie \u2013 zwracanie uwagi na kulturalne spo\u017cywanie posi\u0142ku,<br \/>\nzachowanie porz\u0105dku wok\u00f3\u0142 siebie, zachowanie prawid\u0142owej<br \/>\npostawy.<\/p>\n<p>9.00-9.15 Czynno\u015bci higieniczne, przygotowanie do zaj\u0119\u0107.<\/p>\n<p>9.15-9.45 Zaj\u0119cie edukacyjne realizowane w oparciu o podstaw\u0119 programow\u0105 i<br \/>\nwybrany program. Zaj\u0119cia z religii organizowane w ka\u017cdy wtorek na<br \/>\n\u017cyczenie rodzic\u00f3w.<\/p>\n<p>9.45-10.00 Picie soku owocowego lub spo\u017cywanie owoc\u00f3w, warzyw-<br \/>\nu\u015bwiadamianie dzieciom warto\u015bci zdrowego od\u017cywiania,<br \/>\nkszta\u0142towanie nawyk\u00f3w higienicznych i kulturalnych.<\/p>\n<p>10.00-10.30 Zabawy swobodne podejmowane z inicjatywy dzieci<\/p>\n<p>10.30-11.45 Czynno\u015bci samoobs\u0142ugowe, pobyt w ogrodzie przedszkolnym<br \/>\n\/gry, zabawy, obserwacje przyrodnicze\/,spacery, wycieczki\/.<\/p>\n<p>11.45-12.00 Przygotowanie do obiadu-czynno\u015bci samoobs\u0142ugowe, kszta\u0142towanie<br \/>\nnawyk\u00f3w higienicznych i kulturalnych.<\/p>\n<p>12.00-12.30 Obiad- Zwracanie uwagi na kulturalne spo\u017cywanie<br \/>\nposi\u0142ku, przyzwyczajanie do zdrowego \u017cywienia, kszta\u0142towanie<br \/>\nnawyk\u00f3w kulturalnych.<\/p>\n<p>12.30-13.00 Odpoczynek poobiedni w trakcie czytania dzieciom literatury<br \/>\nw ramach udzia\u0142u przedszkola w kampanii CPCD\/poezja i proza<br \/>\ndzieci\u0119ca\/.<\/p>\n<p>13.00-13.20 Zaj\u0119cie edukacyjne realizowane w oparciu o podstaw\u0119<br \/>\nprogramow\u0105 i wybrany program.<\/p>\n<p>13.20-14.15 Zabawy swobodne dzieci, umo\u017cliwienie dzieciom udzia\u0142u w<br \/>\nzaj\u0119ciach dodatkowych zgodnie z zapotrzebowaniem \u015brodowiska<br \/>\nlokalnego i mo\u017cliwo\u015bciami dzieci.<\/p>\n<p>14.15-14.25 Przygotowanie do podwieczorku-czynno\u015bci samoobs\u0142ugowe,<br \/>\nkszta\u0142towanie nawyk\u00f3w higienicznych i kulturalnych.<br \/>\n14.25-14.30 Zabawa ruchowa<\/p>\n<p>14.30-15.00 Podwieczorek- Zwracanie uwagi na kulturalne spo\u017cywanie<br \/>\nposi\u0142ku, kszta\u0142towanie nawyk\u00f3w higienicznych i kulturalnych.<\/p>\n<p>15.00-17.00 Tworzenie warunk\u00f3w sprzyjaj\u0105cych spontanicznej dzia\u0142alno\u015bci<br \/>\ndzieci oraz kszta\u0142towanie umiej\u0119tno\u015bci spo\u0142ecznych poprzez udzia\u0142<br \/>\ndzieci w r\u00f3\u017cnorodnych zabawach w sali lub na<br \/>\npowietrzu. Indywidualna praca z dzie\u0107mi Kontakty indywidualne<br \/>\nz rodzicami. Czynno\u015bci porz\u0105dkowe i organizacyjne<\/p>\n","protected":false},"excerpt":{"rendered":"<p>RAMOWY ROZK\u0141AD DNIA DLA DZIECI M\u0141ODSZYCH 7.00-8.10 Schodzenie si\u0119 dzieci, zabawy swobodne lub z niewielk\u0105 pomoc\u0105 nauczyciela, praca indywidualna lub w ma\u0142ych zespo\u0142ach. Indywidualne konsultacje z rodzicami. 8.10-8.20 Powitanie, zabawa ruchowa. 8.20-8.30 Przygotowanie do \u015bniadania-kszta\u0142towanie czynno\u015bci samoobs\u0142ugowych, nawyk\u00f3w higienicznych i kulturalnych. 8.30-9.00 \u015aniadanie-Zwracanie uwagi na kulturalne spo\u017cywanie posi\u0142ku, zachowanie porz\u0105dku wok\u00f3\u0142 siebie, zachowanie prawid\u0142owej postawy. 9.00-9.15 Czynno\u015bci higieniczne, przygotowanie do<\/p>\n<p><a class=\"more-link\" href=\"https:\/\/przedszkole99.waw.pl\/?page_id=225\">Read More<\/a><\/p>\n","protected":false},"author":1,"featured_media":0,"parent":0,"menu_order":0,"comment_status":"closed","ping_status":"closed","template":"","meta":{"footnotes":""},"class_list":["post-225","page","type-page","status-publish","hentry"],"_links":{"self":[{"href":"https:\/\/przedszkole99.waw.pl\/index.php?rest_route=\/wp\/v2\/pages\/225"}],"collection":[{"href":"https:\/\/przedszkole99.waw.pl\/index.php?rest_route=\/wp\/v2\/pages"}],"about":[{"href":"https:\/\/przedszkole99.waw.pl\/index.php?rest_route=\/wp\/v2\/types\/page"}],"author":[{"embeddable":true,"href":"https:\/\/przedszkole99.waw.pl\/index.php?rest_route=\/wp\/v2\/users\/1"}],"replies":[{"embeddable":true,"href":"https:\/\/przedszkole99.waw.pl\/index.php?rest_route=%2Fwp%2Fv2%2Fcomments&post=225"}],"version-history":[{"count":3,"href":"https:\/\/przedszkole99.waw.pl\/index.php?rest_route=\/wp\/v2\/pages\/225\/revisions"}],"predecessor-version":[{"id":380,"href":"https:\/\/przedszkole99.waw.pl\/index.php?rest_route=\/wp\/v2\/pages\/225\/revisions\/380"}],"wp:attachment":[{"href":"https:\/\/przedszkole99.waw.pl\/index.php?rest_route=%2Fwp%2Fv2%2Fmedia&parent=225"}],"curies":[{"name":"wp","href":"https:\/\/api.w.org\/{rel}","templated":true}]}}